{"id":40,"date":"2015-03-20T16:00:39","date_gmt":"2015-03-20T16:00:39","guid":{"rendered":"http:\/\/www.albertomorais.com.br\/site\/?page_id=40"},"modified":"2015-03-23T19:01:55","modified_gmt":"2015-03-23T19:01:55","slug":"escleroterapia","status":"publish","type":"page","link":"https:\/\/albertomorais.com.br\/site\/escleroterapia\/","title":{"rendered":"Escleroterapia"},"content":{"rendered":"<p><div class=\"et_pb_section et_pb_fullwidth_section header et_section_regular\" style='background-color:#ffffff;background-image:url(http:\/\/www.albertomorais.com.br\/site\/wp-content\/uploads\/2015\/03\/bg_content.png);'>\r\n\t\t\t\r\n\t\t\t\r\n\t\t\t\t\r\n\t\t\t\t<section class=\"et_pb_fullwidth_header et_pb_bg_layout_light et_pb_text_align_left\">\r\n\t\t\t<div class=\"et_pb_row\">\r\n\t\t\t\t<h1>Escleroterapia<\/h1>\r\n\t\t\t\t\r\n\t\t\t<\/div>\r\n\t\t<\/section>\r\n\t\t\t\r\n\t\t<\/div> <!-- .et_pb_section --><div class=\"et_pb_section et_section_regular\">\r\n\t\t\t\r\n\t\t\t\r\n\t\t\t\t\r\n\t\t\t\t<div class=\"et_pb_row\">\r\n\t\t\t<div class=\"et_pb_column et_pb_column_1_2\">\r\n\t\t\t<div class=\"et_pb_blurb et_pb_bg_layout_light et_pb_text_align_left et_pb_blurb_position_left\">\r\n\t\t\t<div class=\"et_pb_blurb_content\">\r\n\t\t\t\t<div class=\"et_pb_main_blurb_image\"><span class=\"et-pb-icon et-waypoint et_pb_animation_top\" style=\"color: #053759;\">=<\/span><\/div>\r\n\t\t\t\t<h4>Tratamento<\/h4>\r\n\t\t\t\t\n<p>A escleroterapia consiste no procedimento de fechamento de varizes de fino, m\u00e9dio e grande calibre, atrav\u00e9s da inje\u00e7\u00e3o de produto esclerosante no interior do vaso e uso de\u00a0t\u00e9cnica espec\u00edfica. A subst\u00e2ncia produzir\u00e1 um fibrose desta veia, eliminando-a. A\u00a0efic\u00e1cia do tratamento depende da t\u00e9cnica e experi\u00eancia do especialista e da solu\u00e7\u00e3o\u00a0esclerosante usada.<\/p>\n<p>O procedimento \u00e9 indicado para os variados graus de varizes, independente do local\u00a0onde elas se localizam nos membros inferiores, inclusive em vasos mais calibrosos,\u00a0sendo uma alternativa \u00e0 cirurgia. Por ser aplicado sem o uso de glicose, pode ser\u00a0realizado por pacientes diab\u00e9ticos.\u00a0O tratamento tem a facilidade de ser realizado no pr\u00f3prio consult\u00f3rio, sem necessidade\u00a0de anestesia, cirurgia ou interna\u00e7\u00e3o. N\u00e3o exige repouso, podendo-se retomar as\u00a0atividades cotidianas logo em seguida da aplica\u00e7\u00e3o.<\/p>\n\r\n\t\t\t<\/div> <!-- .et_pb_blurb_content -->\r\n\t\t<\/div> <!-- .et_pb_blurb --><div class=\"et_pb_blurb et_pb_bg_layout_light et_pb_text_align_left et_pb_blurb_position_left\">\r\n\t\t\t<div class=\"et_pb_blurb_content\">\r\n\t\t\t\t<div class=\"et_pb_main_blurb_image\"><span class=\"et-pb-icon et-waypoint et_pb_animation_top\" style=\"color: #053759;\">=<\/span><\/div>\r\n\t\t\t\t<h4>Fatores colaboradores para o surgimento de varizes:<\/h4>\r\n\t\t\t\t\n<p>&#8211; Fator heredit\u00e1rio (tend\u00eancia familiar);<br \/>\n&#8211; Fator gestacional (n\u00famero de gesta\u00e7\u00f5es);<br \/>\n&#8211; Fator hormonal (uso prolongado de anticoncepcionais e reposi\u00e7\u00e3o hormonal);<br \/>\n&#8211; Fator postural (trabalhar muito tempo em p\u00e9, parado ou sentado);<br \/>\n&#8211; Obesidade;<br \/>\n&#8211; Uso de cal\u00e7ados inadequados (salto alto demais ou sem salto);<\/p>\n\r\n\t\t\t<\/div> <!-- .et_pb_blurb_content -->\r\n\t\t<\/div> <!-- .et_pb_blurb --><div class=\"et_pb_blurb et_pb_bg_layout_light et_pb_text_align_left et_pb_blurb_position_left\">\r\n\t\t\t<div class=\"et_pb_blurb_content\">\r\n\t\t\t\t<div class=\"et_pb_main_blurb_image\"><span class=\"et-pb-icon et-waypoint et_pb_animation_top\" style=\"color: #053759;\">=<\/span><\/div>\r\n\t\t\t\t<h4>Queixas mais comuns:<\/h4>\r\n\t\t\t\t\n<p>&#8211; Sensa\u00e7\u00e3o de peso nas pernas, dor em queima\u00e7\u00e3o, principalmente no fim do dia;<br \/>\n&#8211; C\u00e3ibras, incha\u00e7o das pernas e tornozelos;<br \/>\n&#8211; Manchas acastanhadas;<br \/>\n&#8211; Manchas avermelhadas, descamativas com coceira nas pernas;<\/p>\n\r\n\t\t\t<\/div> <!-- .et_pb_blurb_content -->\r\n\t\t<\/div> <!-- .et_pb_blurb -->\r\n\t\t<\/div> <!-- .et_pb_column --><div class=\"et_pb_column et_pb_column_1_2\">\r\n\t\t\t<div class=\"et_pb_blurb et_pb_bg_layout_light et_pb_text_align_left et_pb_blurb_position_left\">\r\n\t\t\t<div class=\"et_pb_blurb_content\">\r\n\t\t\t\t<div class=\"et_pb_main_blurb_image\"><span class=\"et-pb-icon et-waypoint et_pb_animation_top\" style=\"color: #053759;\">=<\/span><\/div>\r\n\t\t\t\t<h4>Complica\u00e7\u00f5es das varizes n\u00e3o tratadas:<\/h4>\r\n\t\t\t\t\n<p>&#8211; Varicoflebite ou flebite superficial;<br \/>\n&#8211; Varicorragia ou hemorragia varicosa;<br \/>\n&#8211; Eczema varicoso;<br \/>\n&#8211; \u00dalcera varicosa;<br \/>\n&#8211; Pigmenta\u00e7\u00e3o ocre ou dermatite ocre;<\/p>\n\r\n\t\t\t<\/div> <!-- .et_pb_blurb_content -->\r\n\t\t<\/div> <!-- .et_pb_blurb --><div class=\"et_pb_blurb et_pb_bg_layout_light et_pb_text_align_left et_pb_blurb_position_left\">\r\n\t\t\t<div class=\"et_pb_blurb_content\">\r\n\t\t\t\t<div class=\"et_pb_main_blurb_image\"><span class=\"et-pb-icon et-waypoint et_pb_animation_top\" style=\"color: #053759;\">=<\/span><\/div>\r\n\t\t\t\t<h4>Como prevenir as varizes:<\/h4>\r\n\t\t\t\t\n<p>&#8211; Controlar o peso corporal;<br \/>\n&#8211; Praticar atividades f\u00edsicas;<br \/>\n&#8211; Evitar uso rotineiro de sapatos sem salto ou com salto muito alto;<br \/>\n&#8211; Evitar uso de anticoncepcional e reposi\u00e7\u00e3o hormonal por tempo prolongado;<br \/>\n&#8211; Descansar com as pernas elevadas a 45 graus;<br \/>\n&#8211; Evitar atividades f\u00edsicas que provoquem compress\u00e3o abdominal e impacto;<br \/>\n&#8211; Evitar ficar muito tempo em p\u00e9, parado ou sentado;<\/p>\n\r\n\t\t\t<\/div> <!-- .et_pb_blurb_content -->\r\n\t\t<\/div> <!-- .et_pb_blurb --><img decoding=\"async\" src=\"http:\/\/www.albertomorais.com.br\/site\/wp-content\/uploads\/2015\/03\/bigstock-Bare-female-s-legs-Horizontal-53730376.jpeg\" alt=\"\" class=\"et-waypoint et_pb_image et_pb_animation_left\" \/>\r\n\t\t<\/div> <!-- .et_pb_column -->\r\n\t\t<\/div> <!-- .et_pb_row -->\r\n\t\t\t\r\n\t\t<\/div> <!-- .et_pb_section --><\/p>\n","protected":false},"excerpt":{"rendered":"","protected":false},"author":1,"featured_media":0,"parent":0,"menu_order":0,"comment_status":"open","ping_status":"open","template":"","meta":{"_exactmetrics_skip_tracking":false,"_exactmetrics_sitenote_active":false,"_exactmetrics_sitenote_note":"","_exactmetrics_sitenote_category":0,"footnotes":""},"class_list":["post-40","page","type-page","status-publish","hentry"],"aioseo_notices":[],"_links":{"self":[{"href":"https:\/\/albertomorais.com.br\/site\/wp-json\/wp\/v2\/pages\/40","targetHints":{"allow":["GET"]}}],"collection":[{"href":"https:\/\/albertomorais.com.br\/site\/wp-json\/wp\/v2\/pages"}],"about":[{"href":"https:\/\/albertomorais.com.br\/site\/wp-json\/wp\/v2\/types\/page"}],"author":[{"embeddable":true,"href":"https:\/\/albertomorais.com.br\/site\/wp-json\/wp\/v2\/users\/1"}],"replies":[{"embeddable":true,"href":"https:\/\/albertomorais.com.br\/site\/wp-json\/wp\/v2\/comments?post=40"}],"version-history":[{"count":13,"href":"https:\/\/albertomorais.com.br\/site\/wp-json\/wp\/v2\/pages\/40\/revisions"}],"predecessor-version":[{"id":163,"href":"https:\/\/albertomorais.com.br\/site\/wp-json\/wp\/v2\/pages\/40\/revisions\/163"}],"wp:attachment":[{"href":"https:\/\/albertomorais.com.br\/site\/wp-json\/wp\/v2\/media?parent=40"}],"curies":[{"name":"wp","href":"https:\/\/api.w.org\/{rel}","templated":true}]}}