{"id":42,"date":"2015-03-20T16:00:53","date_gmt":"2015-03-20T16:00:53","guid":{"rendered":"http:\/\/www.albertomorais.com.br\/site\/?page_id=42"},"modified":"2015-03-23T19:06:16","modified_gmt":"2015-03-23T19:06:16","slug":"cosmiatria","status":"publish","type":"page","link":"https:\/\/albertomorais.com.br\/site\/cosmiatria\/","title":{"rendered":"Cosmiatria"},"content":{"rendered":"<p><div class=\"et_pb_section et_pb_fullwidth_section header et_section_regular\" style='background-color:#ffffff;background-image:url(http:\/\/www.albertomorais.com.br\/site\/wp-content\/uploads\/2015\/03\/bg_content.png);'>\r\n\t\t\t\r\n\t\t\t\r\n\t\t\t\t\r\n\t\t\t\t<section class=\"et_pb_fullwidth_header et_pb_bg_layout_light et_pb_text_align_left\">\r\n\t\t\t<div class=\"et_pb_row\">\r\n\t\t\t\t<h1>Cosmiatria<\/h1>\r\n\t\t\t\t\r\n\t\t\t<\/div>\r\n\t\t<\/section>\r\n\t\t\t\r\n\t\t<\/div> <!-- .et_pb_section --><div class=\"et_pb_section et_section_regular\">\r\n\t\t\t\r\n\t\t\t\r\n\t\t\t\t\r\n\t\t\t\t<div class=\"et_pb_row\">\r\n\t\t\t<div class=\"et_pb_column et_pb_column_1_2\">\r\n\t\t\t<div class=\"et_pb_text et_pb_bg_layout_light et_pb_text_align_left\">\r\n\t\t\t\n<h3>Laser CO2 fracionado<\/h3>\n<p>Trata-se de uma tecnologia projetada para combater os sinais cut\u00e2neos causados pelo\u00a0envelhecimento, exposi\u00e7\u00e3o em excesso aos raios solares, entre outros fatores.<\/p>\n<p>\u00c9\u00a0realizada uma dermoabras\u00e3o, com uma profundidade muito bem calculada pelo m\u00e9dico,\u00a0o que faz com que seja um procedimento seguro.<\/p>\n<p>O laser CO2 fracionado trabalha por meio de uma tecnologia que estimula a produ\u00e7\u00e3o\u00a0natural de col\u00e1geno e ao mesmo tempo em que diminui as cicatrizes traum\u00e1ticas e\u00a0cir\u00fargicas, ameniza as manchas na pele e atua de maneira bastante satisfat\u00f3ria sobre\u00a0as estrias.<\/p>\n\r\n\t\t<\/div> <!-- .et_pb_text --><div class=\"et_pb_text et_pb_bg_layout_light et_pb_text_align_left\">\r\n\t\t\t\n<h3>Aplica\u00e7\u00e3o de Toxina Botul\u00ednica<\/h3>\n<p>A toxina botul\u00ednica \u00e9 um produto utilizado em cosmiatria para a corre\u00e7\u00e3o de linhas de\u00a0express\u00e3o din\u00e2micas, ou seja, que aparecem quando \u00e9 realizado o movimento facial. A\u00a0corre\u00e7\u00e3o \u00e9 poss\u00edvel, pois a toxina botul\u00ednica paralisa temporariamente os m\u00fasculos\u00a0respons\u00e1veis por estas linhas.<\/p>\n<p>O tratamento \u00e9 indicado principalmente para o ter\u00e7o superior da face, para a corre\u00e7\u00e3o\u00a0de linhas verticais situadas entre as sobrancelhas, para as rugas horizontais na testa e\u00a0p\u00e9s-de-galinha.\r\n\t\t<\/div> <!-- .et_pb_text -->\r\n\t\t<\/div> <!-- .et_pb_column --><div class=\"et_pb_column et_pb_column_1_2\">\r\n\t\t\t<div class=\"et_pb_text et_pb_bg_layout_light et_pb_text_align_left\">\r\n\t\t\t\n<h3>Preenchimento com \u00c1cido Hialur\u00f4nico<\/h3>\n<p>O \u00c1cido Hialur\u00f4nico \u00e9 um gel transparente, que quando injetado sob a pele em\u00a0pequenas quantidades, restaura seu volume e estrutura. Os resultados do tratamento\u00a0s\u00e3o duradouros, mas n\u00e3o s\u00e3o permanentes, dando a liberdade de escolha para\u00a0reaplicar o preenchimento ou n\u00e3o. O \u00c1cido Hialur\u00f4nico utilizado \u00e9 semelhante ao\u00a0produzido pelo nosso organismo, tem origem n\u00e3o animal, portanto o risco de rea\u00e7\u00f5es\u00a0al\u00e9rgicas ou de hipersensibilidade \u00e9 m\u00ednimo.\r\n\t\t<\/div> <!-- .et_pb_text --><img decoding=\"async\" src=\"http:\/\/www.albertomorais.com.br\/site\/wp-content\/uploads\/2015\/03\/Captura-de-Tela-2015-03-23-\u00e0s-16.05.00.png\" alt=\"\" class=\"et-waypoint et_pb_image et_pb_animation_left\" \/>\r\n\t\t<\/div> <!-- .et_pb_column -->\r\n\t\t<\/div> <!-- .et_pb_row -->\r\n\t\t\t\r\n\t\t<\/div> <!-- .et_pb_section --><\/p>\n","protected":false},"excerpt":{"rendered":"","protected":false},"author":1,"featured_media":0,"parent":0,"menu_order":0,"comment_status":"open","ping_status":"open","template":"","meta":{"_exactmetrics_skip_tracking":false,"_exactmetrics_sitenote_active":false,"_exactmetrics_sitenote_note":"","_exactmetrics_sitenote_category":0,"footnotes":""},"class_list":["post-42","page","type-page","status-publish","hentry"],"aioseo_notices":[],"_links":{"self":[{"href":"https:\/\/albertomorais.com.br\/site\/wp-json\/wp\/v2\/pages\/42","targetHints":{"allow":["GET"]}}],"collection":[{"href":"https:\/\/albertomorais.com.br\/site\/wp-json\/wp\/v2\/pages"}],"about":[{"href":"https:\/\/albertomorais.com.br\/site\/wp-json\/wp\/v2\/types\/page"}],"author":[{"embeddable":true,"href":"https:\/\/albertomorais.com.br\/site\/wp-json\/wp\/v2\/users\/1"}],"replies":[{"embeddable":true,"href":"https:\/\/albertomorais.com.br\/site\/wp-json\/wp\/v2\/comments?post=42"}],"version-history":[{"count":8,"href":"https:\/\/albertomorais.com.br\/site\/wp-json\/wp\/v2\/pages\/42\/revisions"}],"predecessor-version":[{"id":168,"href":"https:\/\/albertomorais.com.br\/site\/wp-json\/wp\/v2\/pages\/42\/revisions\/168"}],"wp:attachment":[{"href":"https:\/\/albertomorais.com.br\/site\/wp-json\/wp\/v2\/media?parent=42"}],"curies":[{"name":"wp","href":"https:\/\/api.w.org\/{rel}","templated":true}]}}