{"id":97,"date":"2015-03-23T12:48:39","date_gmt":"2015-03-23T12:48:39","guid":{"rendered":"http:\/\/www.albertomorais.com.br\/site\/?page_id=97"},"modified":"2015-03-23T13:00:41","modified_gmt":"2015-03-23T13:00:41","slug":"seguranca","status":"publish","type":"page","link":"https:\/\/albertomorais.com.br\/site\/seguranca\/","title":{"rendered":"Seguran\u00e7a"},"content":{"rendered":"<p><div class=\"et_pb_section et_pb_fullwidth_section header et_section_regular\" style='background-color:#ffffff;background-image:url(http:\/\/www.albertomorais.com.br\/site\/wp-content\/uploads\/2015\/03\/bg_content.png);'>\r\n\t\t\t\r\n\t\t\t\r\n\t\t\t\t\r\n\t\t\t\t<section class=\"et_pb_fullwidth_header et_pb_bg_layout_light et_pb_text_align_left\">\r\n\t\t\t<div class=\"et_pb_row\">\r\n\t\t\t\t<h1>Seguran\u00e7a<\/h1>\r\n\t\t\t\t\r\n\t\t\t<\/div>\r\n\t\t<\/section>\r\n\t\t\t\r\n\t\t<\/div> <!-- .et_pb_section --><div class=\"et_pb_section et_section_regular\">\r\n\t\t\t\r\n\t\t\t\r\n\t\t\t\t\r\n\t\t\t\t<div class=\"et_pb_row\">\r\n\t\t\t<div class=\"et_pb_column et_pb_column_1_2\">\r\n\t\t\t<div class=\"et_pb_text et_pb_bg_layout_light et_pb_text_align_left\">\r\n\t\t\t\n<p>As cirurgias pl\u00e1sticas est\u00e9ticas s\u00e3o consideradas cirurgias eletivas, ou seja, o\u00a0paciente toma a decis\u00e3o de se submeter ao procedimento, mas nem por isso elas\u00a0devem ser tratadas com menos rigor. Todos os cuidados afim de evitar complica\u00e7\u00f5es\u00a0devem ser tomados, entre eles: seguir corretamente as recomenda\u00e7\u00f5es nos per\u00edodos\u00a0pr\u00e9 e p\u00f3s-operat\u00f3rio, a avalia\u00e7\u00e3o criteriosa da indica\u00e7\u00e3o da cirurgia para o paciente, a\u00a0realiza\u00e7\u00e3o da cirurgia em ambiente hospitalar e principalmente, a escolha do cirurgi\u00e3o\u00a0pl\u00e1stico. Esse \u00faltimo item pode ser considerado o mais importante na decis\u00e3o por uma\u00a0cirurgia pl\u00e1stica. Al\u00e9m da seguran\u00e7a, \u00e9 essencial que se estabele\u00e7a uma rela\u00e7\u00e3o de\u00a0confian\u00e7a com o seu m\u00e9dico, pois ele ir\u00e1 acompanh\u00e1-lo (a) durante muitos meses.<\/p>\n<p>Ao optar pelo procedimento, certifique-se de seu m\u00e9dico \u00e9 membro da Sociedade\u00a0Brasileira de Cirurgia Pl\u00e1stica \u2013 SBCP. Voc\u00ea pode <a href=\"http:\/\/www2.cirurgiaplastica.org.br\/encontre-um-cirurgiao\/\" target=\"_blank\">consultar aqui<\/a>.<\/p>\n<p>&nbsp;<\/p>\n<h3>Escolhendo um membro da SBCP voc\u00ea est\u00e1 seguro de que o m\u00e9dico:<\/h3>\n<p>&#8211; Completou um treinamento em cirurgia de no m\u00ednimo cinco anos, sendo tr\u00eas de deles\u00a0em cirurgia pl\u00e1stica.<br \/>\n&#8211; Est\u00e1 treinado para realizar todo tipo de cirurgia pl\u00e1stica.<br \/>\n&#8211; Est\u00e1 submetido a um c\u00f3digo estrito de \u00e9tica.<br \/>\n&#8211; Apenas opera em instala\u00e7\u00f5es m\u00e9dicas credenciadas.<\/p>\n\r\n\t\t<\/div> <!-- .et_pb_text -->\r\n\t\t<\/div> <!-- .et_pb_column --><div class=\"et_pb_column et_pb_column_1_2\">\r\n\t\t\t<div class=\"et_pb_text et_pb_bg_layout_light et_pb_text_align_left\">\r\n\t\t\t\n<p>Al\u00e9m disto, \u00e9 extremamente importante que as cirurgias sejam realizadas em hospitais\u00a0credenciados, com estrutura e tecnologia necess\u00e1rias ao bom andamento da cirurgia,\u00a0equipe de enfermagem bem treinada, boas condi\u00e7\u00f5es de higiene hospitalar e possuir\u00a0centro cir\u00fargico, como retaguarda em caso de qualquer imprevisto. Importante tamb\u00e9m\u00a0\u00e9 saber a equipe que vai acompanh\u00e1-lo (a) em sua cirurgia. O cirurgi\u00e3o deve sempre\u00a0contar com um auxiliar, tamb\u00e9m cirurgi\u00e3o pl\u00e1stico, al\u00e9m de instrumentador e anestesista\u00a0durante todo o tempo e que ocorrer o procedimento.<\/p>\n<p>&nbsp;<\/p>\n<h3>Somente operamos em hospitais credenciados:<\/h3>\n<h3><a href=\"http:\/\/www.albertomorais.com.br\/site\/wp-content\/uploads\/2015\/03\/logoAA.png\"><img loading=\"lazy\" decoding=\"async\" class=\"alignnone size-full wp-image-86\" src=\"http:\/\/www.albertomorais.com.br\/site\/wp-content\/uploads\/2015\/03\/logoAA.png\" alt=\"logoAA\" width=\"240\" height=\"104\" \/><\/a> <a href=\"http:\/\/www.albertomorais.com.br\/site\/wp-content\/uploads\/2015\/03\/logoSaoL.png\"><img loading=\"lazy\" decoding=\"async\" class=\"alignnone size-medium wp-image-87\" src=\"http:\/\/www.albertomorais.com.br\/site\/wp-content\/uploads\/2015\/03\/logoSaoL.png\" alt=\"logoSaoL\" width=\"240\" height=\"104\" \/><\/a> <a href=\"http:\/\/www.albertomorais.com.br\/site\/wp-content\/uploads\/2015\/03\/logoSC.png\"><img loading=\"lazy\" decoding=\"async\" class=\"alignnone size-medium wp-image-88\" src=\"http:\/\/www.albertomorais.com.br\/site\/wp-content\/uploads\/2015\/03\/logoSC.png\" alt=\"logoSC\" width=\"240\" height=\"104\" \/><\/a> <a href=\"http:\/\/www.albertomorais.com.br\/site\/wp-content\/uploads\/2015\/03\/logoSL1.png\"><img loading=\"lazy\" decoding=\"async\" class=\"alignnone size-medium wp-image-89\" src=\"http:\/\/www.albertomorais.com.br\/site\/wp-content\/uploads\/2015\/03\/logoSL1.png\" alt=\"logoSL1\" width=\"240\" height=\"104\" \/><\/a><\/h3>\n\r\n\t\t<\/div> <!-- .et_pb_text -->\r\n\t\t<\/div> <!-- .et_pb_column -->\r\n\t\t<\/div> <!-- .et_pb_row -->\r\n\t\t\t\r\n\t\t<\/div> <!-- .et_pb_section --><\/p>\n","protected":false},"excerpt":{"rendered":"","protected":false},"author":1,"featured_media":0,"parent":0,"menu_order":0,"comment_status":"open","ping_status":"closed","template":"","meta":{"_exactmetrics_skip_tracking":false,"_exactmetrics_sitenote_active":false,"_exactmetrics_sitenote_note":"","_exactmetrics_sitenote_category":0,"footnotes":""},"class_list":["post-97","page","type-page","status-publish","hentry"],"aioseo_notices":[],"_links":{"self":[{"href":"https:\/\/albertomorais.com.br\/site\/wp-json\/wp\/v2\/pages\/97","targetHints":{"allow":["GET"]}}],"collection":[{"href":"https:\/\/albertomorais.com.br\/site\/wp-json\/wp\/v2\/pages"}],"about":[{"href":"https:\/\/albertomorais.com.br\/site\/wp-json\/wp\/v2\/types\/page"}],"author":[{"embeddable":true,"href":"https:\/\/albertomorais.com.br\/site\/wp-json\/wp\/v2\/users\/1"}],"replies":[{"embeddable":true,"href":"https:\/\/albertomorais.com.br\/site\/wp-json\/wp\/v2\/comments?post=97"}],"version-history":[{"count":2,"href":"https:\/\/albertomorais.com.br\/site\/wp-json\/wp\/v2\/pages\/97\/revisions"}],"predecessor-version":[{"id":101,"href":"https:\/\/albertomorais.com.br\/site\/wp-json\/wp\/v2\/pages\/97\/revisions\/101"}],"wp:attachment":[{"href":"https:\/\/albertomorais.com.br\/site\/wp-json\/wp\/v2\/media?parent=97"}],"curies":[{"name":"wp","href":"https:\/\/api.w.org\/{rel}","templated":true}]}}